{"id":3,"date":"2021-04-22T14:45:45","date_gmt":"2021-04-22T14:45:45","guid":{"rendered":"http:\/\/www.rymattylanvpk.fi\/?page_id=3"},"modified":"2021-12-16T21:29:12","modified_gmt":"2021-12-16T21:29:12","slug":"tietosuojaseloste","status":"publish","type":"page","link":"https:\/\/www.rymattylanvpk.fi\/index.php\/tietosuojaseloste\/","title":{"rendered":"Tietosuojaseloste"},"content":{"rendered":"\n<p>Rekisteri- ja tietosuojaseloste<br>T\u00e4m\u00e4 on Rym\u00e4ttyl\u00e4n VPK ry:n EU:n yleisen tietosuoja-asetuksen (GDPR) mukainen rekisteri- ja<br>tietosuojaseloste. Laadittu 24.10.2021.<\/p>\n\n\n\n<ol class=\"wp-block-list\"><li>Rekisterinpit\u00e4j\u00e4<br>Rym\u00e4ttyl\u00e4n VPK ry, Vanhatie 14, 21140 Rym\u00e4ttyl\u00e4<br><\/li><li>Rekisterist\u00e4 vastaava yhteyshenkil\u00f6<br>Janne Kankaanp\u00e4\u00e4, 0449706398, puheenjohtaja@rymattylanvpk.fi<br><\/li><li>Rekisterin nimi<br>Henkil\u00f6st\u00f6rekisteri<br><\/li><li>Oikeusperuste ja henkil\u00f6tietojen k\u00e4sittelyn tarkoitus<br>EU:n yleisen tietosuoja-asetuksen mukainen oikeusperuste henkil\u00f6tietojen k\u00e4sittelylle on<br>palokunnan j\u00e4senrekisterin ja niihin liittyvien velvotteiden hoitaminen esim. Varsinais-suomen<br>aluepelastuslaitokseen liittyviss\u00e4 asioissa.<br><\/li><li>Rekisterin tietosis\u00e4lt\u00f6<br>Rekisteriin tallennettavia tietoja ovat:<br>J\u00e4senen nimi, puhelinnumero, s\u00e4hk\u00f6postiosoite, postiosoite, tuntilistat (harjoitustunnit ja kerrat<br>h\u00e4lytysteht\u00e4vien lukum\u00e4\u00e4r\u00e4 ja tunnit), syntym\u00e4aika, l\u00e4hiomainen ja l\u00e4hiomaisen yhteystiedot,<br>siviilikoulutus, ajokorttiluokka, harrastustuntikertym\u00e4, j\u00e4seneksi hyv\u00e4ksymisp\u00e4iv\u00e4m\u00e4\u00e4r\u00e4,<br>j\u00e4senhistoria, kunniamerkit, palvelusvuosimerkit, harrastusmerkit, ansiomerkit, k\u00e4ydyt kurssit<br>vuosilukuineen, p\u00e4tevyydet testituloksineen, varusmiespalvelusaika, sotilasarvo.<br><\/li><li>S\u00e4\u00e4nn\u00f6nmukaiset tietol\u00e4hteet<br>Tietoja ker\u00e4t\u00e4\u00e4n p\u00e4\u00e4asiassa j\u00e4senelt\u00e4 tai nuoren henkil\u00f6n ollessa kyseess\u00e4 h\u00e4nen vanhemmiltaan.<br><\/li><li>Tietojen s\u00e4\u00e4nn\u00f6nmukaiset luovutukset ja tietojen siirto EU:n tai ETA:n ulkopuolelle<br>Tietoja luovutetaan sek\u00e4 koneellisesti, ett\u00e4 paperilomakkeiden avulla. Tietoja ei kuitenkaan<br>luovuteta ilman erillist\u00e4 tarvetta. P\u00e4\u00e4s\u00e4\u00e4nt\u00f6isesti luovutus tapahtuu ainoastaan aluepelastuslaitoksen<br>tuntikirjauksen tarpeisiin.<\/li><\/ol>\n","protected":false},"excerpt":{"rendered":"<p>Rekisteri- ja tietosuojaselosteT\u00e4m\u00e4 on Rym\u00e4ttyl\u00e4n VPK ry:n EU:n yleisen tietosuoja-asetuksen (GDPR) mukainen rekisteri- jatietosuojaseloste. Laadittu 24.10.2021. Rekisterinpit\u00e4j\u00e4Rym\u00e4ttyl\u00e4n VPK ry, Vanhatie 14, 21140 Rym\u00e4ttyl\u00e4 Rekisterist\u00e4 vastaava yhteyshenkil\u00f6Janne Kankaanp\u00e4\u00e4, 0449706398, puheenjohtaja@rymattylanvpk.fi Rekisterin&hellip;<a href=\"https:\/\/www.rymattylanvpk.fi\/index.php\/tietosuojaseloste\/\" class=\"more-link\"><span class=\"more-button\">Lue lis\u00e4\u00e4&#8230;<span class=\"screen-reader-text\">Tietosuojaseloste<\/span><\/span><\/a><\/p>\n","protected":false},"author":1,"featured_media":0,"parent":0,"menu_order":0,"comment_status":"closed","ping_status":"closed","template":"elementor_header_footer","meta":{"footnotes":""},"class_list":["post-3","page","type-page","status-publish","hentry"],"_links":{"self":[{"href":"https:\/\/www.rymattylanvpk.fi\/index.php\/wp-json\/wp\/v2\/pages\/3","targetHints":{"allow":["GET"]}}],"collection":[{"href":"https:\/\/www.rymattylanvpk.fi\/index.php\/wp-json\/wp\/v2\/pages"}],"about":[{"href":"https:\/\/www.rymattylanvpk.fi\/index.php\/wp-json\/wp\/v2\/types\/page"}],"author":[{"embeddable":true,"href":"https:\/\/www.rymattylanvpk.fi\/index.php\/wp-json\/wp\/v2\/users\/1"}],"replies":[{"embeddable":true,"href":"https:\/\/www.rymattylanvpk.fi\/index.php\/wp-json\/wp\/v2\/comments?post=3"}],"version-history":[{"count":2,"href":"https:\/\/www.rymattylanvpk.fi\/index.php\/wp-json\/wp\/v2\/pages\/3\/revisions"}],"predecessor-version":[{"id":307,"href":"https:\/\/www.rymattylanvpk.fi\/index.php\/wp-json\/wp\/v2\/pages\/3\/revisions\/307"}],"wp:attachment":[{"href":"https:\/\/www.rymattylanvpk.fi\/index.php\/wp-json\/wp\/v2\/media?parent=3"}],"curies":[{"name":"wp","href":"https:\/\/api.w.org\/{rel}","templated":true}]}}